{"id":6917,"date":"2017-02-25T23:19:46","date_gmt":"2017-02-25T22:19:46","guid":{"rendered":"https:\/\/karantezvro.bzh\/shop\/sevre-et-maine-vintage-muscadet\/"},"modified":"2023-01-09T17:53:51","modified_gmt":"2023-01-09T16:53:51","slug":"sevre-et-maine-vintage-muscadet","status":"publish","type":"product","link":"https:\/\/karantezvro.bzh\/en\/breton-products-shop\/sevre-et-maine-vintage-muscadet\/","title":{"rendered":"S\u00e8vre et Maine Vintage Muscadet"},"content":{"rendered":"<p>By making you discover this S\u00e8vre and Maine Vintage Muscadet, we prove to you that a Muscadet wine knows well how to age. And even improve.<br \/>\nThis vintage of 2009 will accompany white meats and fishes without taste error.<\/p>\n<p>A wine aged on fine lees during minimum 5 years in an air-conditioned wine storehouse for good preservation. It has a golden yellow tinted shiny aspect and offers smoky, hazelnut notes and a good length in the mouth.<br \/>\nThe Domaine de Bel Air, which extends over 35 hectares, is located on the municipality of the Haye-Fouassi\u00e8re, in Outre-Loire (Tralier in breton), in the south-east of the Nantes country.<br \/>\nThis family estate now belongs to the 4th generation of winegrowers since the end of the 19th century. An estate which is member of the Breton Wines Committee.<\/p>\n<p><span style=\"font-size: small\"><em>Alcohol abuse is dangerous for health, to consume in moderation.<\/em><\/span><\/p>\n","protected":false},"excerpt":{"rendered":"<h4>OVER TIME&#8230;<\/h4>\n<ul>\n<li>Vintage of 2009. Aged on fine lees during minimum 5 years.<\/li>\n<li>Golden yellow tinted shiny aspect. Smoky and hazelnut notes. Good length in the mouth.<\/li>\n<li>To accompany white meats and fishes.<\/li>\n<li>Domaine member of the <em>Breton Wines Committee<\/em>.<\/li>\n<\/ul>\n","protected":false},"featured_media":6683,"comment_status":"open","ping_status":"closed","template":"","meta":[],"product_brand":[],"product_cat":[552,774,604],"product_tag":[628,606,605],"class_list":{"0":"post-6917","1":"product","2":"type-product","3":"status-publish","4":"has-post-thumbnail","6":"product_cat-beverages","7":"product_cat-naoned-en","8":"product_cat-white-wines","9":"product_tag-domaine-bel-air-en","10":"product_tag-muscadet-en","11":"product_tag-tralier-en","12":"pa_bro-naoned","14":"first","15":"instock","16":"shipping-taxable","17":"purchasable","18":"product-type-simple"},"yoast_head":"<!-- This site is optimized with the Yoast SEO plugin v26.8 - https:\/\/yoast.com\/product\/yoast-seo-wordpress\/ -->\n<title>S\u00e8vre et Maine Vintage Muscadet - KARANTEZ VRO - Produits bretons sans concession - Sp\u00e9cialit\u00e9s bretonnes<\/title>\n<meta name=\"description\" content=\"By making you discover this S\u00e8vre and Maine Vintage Muscadet, we prove to you that a Muscadet wine knows well how to age. And even improve.This vintage of 2009 will accompany white meats and fishes without taste error.\" \/>\n<meta name=\"robots\" content=\"index, follow, max-snippet:-1, max-image-preview:large, max-video-preview:-1\" \/>\n<link rel=\"canonical\" href=\"https:\/\/karantezvro.bzh\/?post_type=product&p=5683\" \/>\n<meta property=\"og:locale\" content=\"en_US\" \/>\n<meta property=\"og:type\" content=\"article\" \/>\n<meta property=\"og:title\" content=\"S\u00e8vre et Maine Vintage Muscadet - KARANTEZ VRO - Produits bretons sans concession - Sp\u00e9cialit\u00e9s bretonnes\" \/>\n<meta property=\"og:description\" content=\"By making you discover this S\u00e8vre and Maine Vintage Muscadet, we prove to you that a Muscadet wine knows well how to age. And even improve.This vintage of 2009 will accompany white meats and fishes without taste error.\" \/>\n<meta property=\"og:url\" content=\"https:\/\/karantezvro.bzh\/?post_type=product&amp;p=5683\" \/>\n<meta property=\"og:site_name\" content=\"KARANTEZ VRO\" \/>\n<meta property=\"article:publisher\" content=\"https:\/\/www.facebook.com\/karantezvro.breizh\" \/>\n<meta property=\"article:modified_time\" content=\"2023-01-09T16:53:51+00:00\" \/>\n<meta property=\"og:image\" content=\"https:\/\/karantezvro.bzh\/wp-content\/uploads\/2017\/02\/KV_BelAir_Mill1.jpg\" \/>\n\t<meta property=\"og:image:width\" content=\"1000\" \/>\n\t<meta property=\"og:image:height\" content=\"1000\" \/>\n\t<meta property=\"og:image:type\" content=\"image\/jpeg\" \/>\n<meta name=\"twitter:card\" content=\"summary_large_image\" \/>\n<meta name=\"twitter:site\" content=\"@KarantezVro\" \/>\n<meta name=\"twitter:label1\" content=\"Est. reading time\" \/>\n\t<meta name=\"twitter:data1\" content=\"1 minute\" \/>\n<script type=\"application\/ld+json\" class=\"yoast-schema-graph\">{\"@context\":\"https:\/\/schema.org\",\"@graph\":[{\"@type\":\"WebPage\",\"@id\":\"https:\/\/karantezvro.bzh\/?post_type=product&p=5683\",\"url\":\"https:\/\/karantezvro.bzh\/?post_type=product&p=5683\",\"name\":\"S\u00e8vre et Maine Vintage Muscadet - KARANTEZ VRO - Produits bretons sans concession - Sp\u00e9cialit\u00e9s bretonnes\",\"isPartOf\":{\"@id\":\"https:\/\/karantezvro.bzh\/en\/#website\"},\"primaryImageOfPage\":{\"@id\":\"https:\/\/karantezvro.bzh\/?post_type=product&p=5683#primaryimage\"},\"image\":{\"@id\":\"https:\/\/karantezvro.bzh\/?post_type=product&p=5683#primaryimage\"},\"thumbnailUrl\":\"https:\/\/karantezvro.bzh\/wp-content\/uploads\/2017\/02\/KV_BelAir_Mill1.jpg\",\"datePublished\":\"2017-02-25T22:19:46+00:00\",\"dateModified\":\"2023-01-09T16:53:51+00:00\",\"description\":\"By making you discover this S\u00e8vre and Maine Vintage Muscadet, we prove to you that a Muscadet wine knows well how to age. And even improve.This vintage of 2009 will accompany white meats and fishes without taste error.\",\"breadcrumb\":{\"@id\":\"https:\/\/karantezvro.bzh\/?post_type=product&p=5683#breadcrumb\"},\"inLanguage\":\"en-US\",\"potentialAction\":[{\"@type\":\"ReadAction\",\"target\":[\"https:\/\/karantezvro.bzh\/?post_type=product&p=5683\"]}]},{\"@type\":\"ImageObject\",\"inLanguage\":\"en-US\",\"@id\":\"https:\/\/karantezvro.bzh\/?post_type=product&p=5683#primaryimage\",\"url\":\"https:\/\/karantezvro.bzh\/wp-content\/uploads\/2017\/02\/KV_BelAir_Mill1.jpg\",\"contentUrl\":\"https:\/\/karantezvro.bzh\/wp-content\/uploads\/2017\/02\/KV_BelAir_Mill1.jpg\",\"width\":1000,\"height\":1000,\"caption\":\"S\u00e8vre et Maine Vintage Muscadet\"},{\"@type\":\"BreadcrumbList\",\"@id\":\"https:\/\/karantezvro.bzh\/?post_type=product&p=5683#breadcrumb\",\"itemListElement\":[{\"@type\":\"ListItem\",\"position\":1,\"name\":\"Accueil\",\"item\":\"https:\/\/karantezvro.bzh\/en\/\"},{\"@type\":\"ListItem\",\"position\":2,\"name\":\"BOUTIQUE\",\"item\":\"https:\/\/karantezvro.bzh\/boutique-produits-bretons\/\"},{\"@type\":\"ListItem\",\"position\":3,\"name\":\"S\u00e8vre et Maine Vintage Muscadet\"}]},{\"@type\":\"WebSite\",\"@id\":\"https:\/\/karantezvro.bzh\/en\/#website\",\"url\":\"https:\/\/karantezvro.bzh\/en\/\",\"name\":\"KARANTEZ VRO\",\"description\":\"Produits bretons sans concession - Sp\u00e9cialit\u00e9s bretonnes\",\"publisher\":{\"@id\":\"https:\/\/karantezvro.bzh\/en\/#organization\"},\"potentialAction\":[{\"@type\":\"SearchAction\",\"target\":{\"@type\":\"EntryPoint\",\"urlTemplate\":\"https:\/\/karantezvro.bzh\/en\/?s={search_term_string}\"},\"query-input\":{\"@type\":\"PropertyValueSpecification\",\"valueRequired\":true,\"valueName\":\"search_term_string\"}}],\"inLanguage\":\"en-US\"},{\"@type\":\"Organization\",\"@id\":\"https:\/\/karantezvro.bzh\/en\/#organization\",\"name\":\"KARANTEZ VRO\",\"url\":\"https:\/\/karantezvro.bzh\/en\/\",\"logo\":{\"@type\":\"ImageObject\",\"inLanguage\":\"en-US\",\"@id\":\"https:\/\/karantezvro.bzh\/en\/#\/schema\/logo\/image\/\",\"url\":\"https:\/\/karantezvro.bzh\/wp-content\/uploads\/2017\/10\/VL_logo_100x46@2x.png\",\"contentUrl\":\"https:\/\/karantezvro.bzh\/wp-content\/uploads\/2017\/10\/VL_logo_100x46@2x.png\",\"width\":99,\"height\":92,\"caption\":\"KARANTEZ VRO\"},\"image\":{\"@id\":\"https:\/\/karantezvro.bzh\/en\/#\/schema\/logo\/image\/\"},\"sameAs\":[\"https:\/\/www.facebook.com\/karantezvro.breizh\",\"https:\/\/x.com\/KarantezVro\",\"https:\/\/www.pinterest.com\/karantezvro\/\"]}]}<\/script>\n<!-- \/ Yoast SEO plugin. -->","yoast_head_json":{"title":"S\u00e8vre et Maine Vintage Muscadet - KARANTEZ VRO - Produits bretons sans concession - Sp\u00e9cialit\u00e9s bretonnes","description":"By making you discover this S\u00e8vre and Maine Vintage Muscadet, we prove to you that a Muscadet wine knows well how to age. And even improve.This vintage of 2009 will accompany white meats and fishes without taste error.","robots":{"index":"index","follow":"follow","max-snippet":"max-snippet:-1","max-image-preview":"max-image-preview:large","max-video-preview":"max-video-preview:-1"},"canonical":"https:\/\/karantezvro.bzh\/?post_type=product&p=5683","og_locale":"en_US","og_type":"article","og_title":"S\u00e8vre et Maine Vintage Muscadet - KARANTEZ VRO - Produits bretons sans concession - Sp\u00e9cialit\u00e9s bretonnes","og_description":"By making you discover this S\u00e8vre and Maine Vintage Muscadet, we prove to you that a Muscadet wine knows well how to age. And even improve.This vintage of 2009 will accompany white meats and fishes without taste error.","og_url":"https:\/\/karantezvro.bzh\/?post_type=product&p=5683","og_site_name":"KARANTEZ VRO","article_publisher":"https:\/\/www.facebook.com\/karantezvro.breizh","article_modified_time":"2023-01-09T16:53:51+00:00","og_image":[{"width":1000,"height":1000,"url":"https:\/\/karantezvro.bzh\/wp-content\/uploads\/2017\/02\/KV_BelAir_Mill1.jpg","type":"image\/jpeg"}],"twitter_card":"summary_large_image","twitter_site":"@KarantezVro","twitter_misc":{"Est. reading time":"1 minute"},"schema":{"@context":"https:\/\/schema.org","@graph":[{"@type":"WebPage","@id":"https:\/\/karantezvro.bzh\/?post_type=product&p=5683","url":"https:\/\/karantezvro.bzh\/?post_type=product&p=5683","name":"S\u00e8vre et Maine Vintage Muscadet - KARANTEZ VRO - Produits bretons sans concession - Sp\u00e9cialit\u00e9s bretonnes","isPartOf":{"@id":"https:\/\/karantezvro.bzh\/en\/#website"},"primaryImageOfPage":{"@id":"https:\/\/karantezvro.bzh\/?post_type=product&p=5683#primaryimage"},"image":{"@id":"https:\/\/karantezvro.bzh\/?post_type=product&p=5683#primaryimage"},"thumbnailUrl":"https:\/\/karantezvro.bzh\/wp-content\/uploads\/2017\/02\/KV_BelAir_Mill1.jpg","datePublished":"2017-02-25T22:19:46+00:00","dateModified":"2023-01-09T16:53:51+00:00","description":"By making you discover this S\u00e8vre and Maine Vintage Muscadet, we prove to you that a Muscadet wine knows well how to age. And even improve.This vintage of 2009 will accompany white meats and fishes without taste error.","breadcrumb":{"@id":"https:\/\/karantezvro.bzh\/?post_type=product&p=5683#breadcrumb"},"inLanguage":"en-US","potentialAction":[{"@type":"ReadAction","target":["https:\/\/karantezvro.bzh\/?post_type=product&p=5683"]}]},{"@type":"ImageObject","inLanguage":"en-US","@id":"https:\/\/karantezvro.bzh\/?post_type=product&p=5683#primaryimage","url":"https:\/\/karantezvro.bzh\/wp-content\/uploads\/2017\/02\/KV_BelAir_Mill1.jpg","contentUrl":"https:\/\/karantezvro.bzh\/wp-content\/uploads\/2017\/02\/KV_BelAir_Mill1.jpg","width":1000,"height":1000,"caption":"S\u00e8vre et Maine Vintage Muscadet"},{"@type":"BreadcrumbList","@id":"https:\/\/karantezvro.bzh\/?post_type=product&p=5683#breadcrumb","itemListElement":[{"@type":"ListItem","position":1,"name":"Accueil","item":"https:\/\/karantezvro.bzh\/en\/"},{"@type":"ListItem","position":2,"name":"BOUTIQUE","item":"https:\/\/karantezvro.bzh\/boutique-produits-bretons\/"},{"@type":"ListItem","position":3,"name":"S\u00e8vre et Maine Vintage Muscadet"}]},{"@type":"WebSite","@id":"https:\/\/karantezvro.bzh\/en\/#website","url":"https:\/\/karantezvro.bzh\/en\/","name":"KARANTEZ VRO","description":"Produits bretons sans concession - Sp\u00e9cialit\u00e9s bretonnes","publisher":{"@id":"https:\/\/karantezvro.bzh\/en\/#organization"},"potentialAction":[{"@type":"SearchAction","target":{"@type":"EntryPoint","urlTemplate":"https:\/\/karantezvro.bzh\/en\/?s={search_term_string}"},"query-input":{"@type":"PropertyValueSpecification","valueRequired":true,"valueName":"search_term_string"}}],"inLanguage":"en-US"},{"@type":"Organization","@id":"https:\/\/karantezvro.bzh\/en\/#organization","name":"KARANTEZ VRO","url":"https:\/\/karantezvro.bzh\/en\/","logo":{"@type":"ImageObject","inLanguage":"en-US","@id":"https:\/\/karantezvro.bzh\/en\/#\/schema\/logo\/image\/","url":"https:\/\/karantezvro.bzh\/wp-content\/uploads\/2017\/10\/VL_logo_100x46@2x.png","contentUrl":"https:\/\/karantezvro.bzh\/wp-content\/uploads\/2017\/10\/VL_logo_100x46@2x.png","width":99,"height":92,"caption":"KARANTEZ VRO"},"image":{"@id":"https:\/\/karantezvro.bzh\/en\/#\/schema\/logo\/image\/"},"sameAs":["https:\/\/www.facebook.com\/karantezvro.breizh","https:\/\/x.com\/KarantezVro","https:\/\/www.pinterest.com\/karantezvro\/"]}]}},"_links":{"self":[{"href":"https:\/\/karantezvro.bzh\/en\/wp-json\/wp\/v2\/product\/6917","targetHints":{"allow":["GET"]}}],"collection":[{"href":"https:\/\/karantezvro.bzh\/en\/wp-json\/wp\/v2\/product"}],"about":[{"href":"https:\/\/karantezvro.bzh\/en\/wp-json\/wp\/v2\/types\/product"}],"replies":[{"embeddable":true,"href":"https:\/\/karantezvro.bzh\/en\/wp-json\/wp\/v2\/comments?post=6917"}],"wp:featuredmedia":[{"embeddable":true,"href":"https:\/\/karantezvro.bzh\/en\/wp-json\/wp\/v2\/media\/6683"}],"wp:attachment":[{"href":"https:\/\/karantezvro.bzh\/en\/wp-json\/wp\/v2\/media?parent=6917"}],"wp:term":[{"taxonomy":"product_brand","embeddable":true,"href":"https:\/\/karantezvro.bzh\/en\/wp-json\/wp\/v2\/product_brand?post=6917"},{"taxonomy":"product_cat","embeddable":true,"href":"https:\/\/karantezvro.bzh\/en\/wp-json\/wp\/v2\/product_cat?post=6917"},{"taxonomy":"product_tag","embeddable":true,"href":"https:\/\/karantezvro.bzh\/en\/wp-json\/wp\/v2\/product_tag?post=6917"}],"curies":[{"name":"wp","href":"https:\/\/api.w.org\/{rel}","templated":true}]}}