{"id":6865,"date":"2017-03-04T03:35:11","date_gmt":"2017-03-04T02:35:11","guid":{"rendered":"https:\/\/karantezvro.bzh\/shop\/organic-buckwheat-flour\/"},"modified":"2017-11-06T00:56:59","modified_gmt":"2017-11-05T23:56:59","slug":"organic-buckwheat-flour","status":"publish","type":"product","link":"https:\/\/karantezvro.bzh\/en\/breton-products-shop\/organic-buckwheat-flour\/","title":{"rendered":"ORGANIC buckwheat flour"},"content":{"rendered":"<p>No breton food without buckwheat flour.<\/p>\n<p>Although the cultivation of buckwheat has almost disappeared in the 80\u2019s in favor of more &#8220;modern&#8221; crops, the latter is back in our fields and our plates. We owe it the buckwheat pancakes and the stuffing of kig ha farz (another classic Breton meal) for the most popular dishes.<\/p>\n<p>This certified organic buckwheat flour is ground whith a stone grinder according to the traditional method in a traditional farm of H\u00e9nansal, in the land of <a href=\"https:\/\/karantezvro.bzh\/en\/tag-produit\/pentevr-en\/?lang=en\">Pentevr<\/a> (Penthi\u00e8vre).<\/p>\n<p>&nbsp;<\/p>\n","protected":false},"excerpt":{"rendered":"<p>AR GWINIZH DU, without gluten\u00a0!<\/p>\n<ul>\n<li>Buckwheat flour for your pancakes and kig ha farz<\/li>\n<li>Certified organic<\/li>\n<li>Ground with a stone grinder<\/li>\n<\/ul>\n","protected":false},"featured_media":6705,"comment_status":"open","ping_status":"closed","template":"","meta":[],"product_brand":[],"product_cat":[767,616,559],"product_tag":[578,617,524,555],"class_list":{"0":"post-6865","1":"product","2":"type-product","3":"status-publish","4":"has-post-thumbnail","6":"product_cat-brieg-en","7":"product_cat-flours","8":"product_cat-the-compulsories","9":"product_tag-buckwheat-honey","10":"product_tag-flour","11":"product_tag-organic","12":"product_tag-pentevr-en","13":"pa_bio-yes","14":"pa_bro-brieg","16":"first","17":"outofstock","18":"shipping-taxable","19":"purchasable","20":"product-type-simple"},"yoast_head":"<!-- This site is optimized with the Yoast SEO plugin v26.8 - https:\/\/yoast.com\/product\/yoast-seo-wordpress\/ -->\n<title>Organic buckwheat flour without gluten - KARANTEZ VRO<\/title>\n<meta name=\"description\" content=\"KARANTEZ VRO vous propose cette farine de bl\u00e9 noir BIO pour vos cr\u00eapes et kig ha farz. Une farine sans gluten moulue \u00e0 la meule de pierre.\" \/>\n<meta name=\"robots\" content=\"index, follow, max-snippet:-1, max-image-preview:large, max-video-preview:-1\" \/>\n<link rel=\"canonical\" href=\"https:\/\/karantezvro.bzh\/?post_type=product&p=5755\" \/>\n<meta property=\"og:locale\" content=\"en_US\" \/>\n<meta property=\"og:type\" content=\"article\" \/>\n<meta property=\"og:title\" content=\"Organic buckwheat flour without gluten - KARANTEZ VRO\" \/>\n<meta property=\"og:description\" content=\"KARANTEZ VRO vous propose cette farine de bl\u00e9 noir BIO pour vos cr\u00eapes et kig ha farz. Une farine sans gluten moulue \u00e0 la meule de pierre.\" \/>\n<meta property=\"og:url\" content=\"https:\/\/karantezvro.bzh\/?post_type=product&amp;p=5755\" \/>\n<meta property=\"og:site_name\" content=\"KARANTEZ VRO\" \/>\n<meta property=\"article:publisher\" content=\"https:\/\/www.facebook.com\/karantezvro.breizh\" \/>\n<meta property=\"article:modified_time\" content=\"2017-11-05T23:56:59+00:00\" \/>\n<meta property=\"og:image\" content=\"https:\/\/karantezvro.bzh\/wp-content\/uploads\/2017\/03\/KV_AUFOURAPAIN_FarineBN_1000x1000.jpg\" \/>\n\t<meta property=\"og:image:width\" content=\"1000\" \/>\n\t<meta property=\"og:image:height\" content=\"1000\" \/>\n\t<meta property=\"og:image:type\" content=\"image\/jpeg\" \/>\n<meta name=\"twitter:card\" content=\"summary_large_image\" \/>\n<meta name=\"twitter:site\" content=\"@KarantezVro\" \/>\n<script type=\"application\/ld+json\" class=\"yoast-schema-graph\">{\"@context\":\"https:\/\/schema.org\",\"@graph\":[{\"@type\":\"WebPage\",\"@id\":\"https:\/\/karantezvro.bzh\/?post_type=product&p=5755\",\"url\":\"https:\/\/karantezvro.bzh\/?post_type=product&p=5755\",\"name\":\"Organic buckwheat flour without gluten - KARANTEZ VRO\",\"isPartOf\":{\"@id\":\"https:\/\/karantezvro.bzh\/en\/#website\"},\"primaryImageOfPage\":{\"@id\":\"https:\/\/karantezvro.bzh\/?post_type=product&p=5755#primaryimage\"},\"image\":{\"@id\":\"https:\/\/karantezvro.bzh\/?post_type=product&p=5755#primaryimage\"},\"thumbnailUrl\":\"https:\/\/karantezvro.bzh\/wp-content\/uploads\/2017\/03\/KV_AUFOURAPAIN_FarineBN_1000x1000.jpg\",\"datePublished\":\"2017-03-04T02:35:11+00:00\",\"dateModified\":\"2017-11-05T23:56:59+00:00\",\"description\":\"KARANTEZ VRO vous propose cette farine de bl\u00e9 noir BIO pour vos cr\u00eapes et kig ha farz. Une farine sans gluten moulue \u00e0 la meule de pierre.\",\"breadcrumb\":{\"@id\":\"https:\/\/karantezvro.bzh\/?post_type=product&p=5755#breadcrumb\"},\"inLanguage\":\"en-US\",\"potentialAction\":[{\"@type\":\"ReadAction\",\"target\":[\"https:\/\/karantezvro.bzh\/?post_type=product&p=5755\"]}]},{\"@type\":\"ImageObject\",\"inLanguage\":\"en-US\",\"@id\":\"https:\/\/karantezvro.bzh\/?post_type=product&p=5755#primaryimage\",\"url\":\"https:\/\/karantezvro.bzh\/wp-content\/uploads\/2017\/03\/KV_AUFOURAPAIN_FarineBN_1000x1000.jpg\",\"contentUrl\":\"https:\/\/karantezvro.bzh\/wp-content\/uploads\/2017\/03\/KV_AUFOURAPAIN_FarineBN_1000x1000.jpg\",\"width\":1000,\"height\":1000,\"caption\":\"Organic buckwheat flour\"},{\"@type\":\"BreadcrumbList\",\"@id\":\"https:\/\/karantezvro.bzh\/?post_type=product&p=5755#breadcrumb\",\"itemListElement\":[{\"@type\":\"ListItem\",\"position\":1,\"name\":\"Accueil\",\"item\":\"https:\/\/karantezvro.bzh\/en\/\"},{\"@type\":\"ListItem\",\"position\":2,\"name\":\"BOUTIQUE\",\"item\":\"https:\/\/karantezvro.bzh\/boutique-produits-bretons\/\"},{\"@type\":\"ListItem\",\"position\":3,\"name\":\"ORGANIC buckwheat flour\"}]},{\"@type\":\"WebSite\",\"@id\":\"https:\/\/karantezvro.bzh\/en\/#website\",\"url\":\"https:\/\/karantezvro.bzh\/en\/\",\"name\":\"KARANTEZ VRO\",\"description\":\"Produits bretons sans concession - Sp\u00e9cialit\u00e9s bretonnes\",\"publisher\":{\"@id\":\"https:\/\/karantezvro.bzh\/en\/#organization\"},\"potentialAction\":[{\"@type\":\"SearchAction\",\"target\":{\"@type\":\"EntryPoint\",\"urlTemplate\":\"https:\/\/karantezvro.bzh\/en\/?s={search_term_string}\"},\"query-input\":{\"@type\":\"PropertyValueSpecification\",\"valueRequired\":true,\"valueName\":\"search_term_string\"}}],\"inLanguage\":\"en-US\"},{\"@type\":\"Organization\",\"@id\":\"https:\/\/karantezvro.bzh\/en\/#organization\",\"name\":\"KARANTEZ VRO\",\"url\":\"https:\/\/karantezvro.bzh\/en\/\",\"logo\":{\"@type\":\"ImageObject\",\"inLanguage\":\"en-US\",\"@id\":\"https:\/\/karantezvro.bzh\/en\/#\/schema\/logo\/image\/\",\"url\":\"https:\/\/karantezvro.bzh\/wp-content\/uploads\/2017\/10\/VL_logo_100x46@2x.png\",\"contentUrl\":\"https:\/\/karantezvro.bzh\/wp-content\/uploads\/2017\/10\/VL_logo_100x46@2x.png\",\"width\":99,\"height\":92,\"caption\":\"KARANTEZ VRO\"},\"image\":{\"@id\":\"https:\/\/karantezvro.bzh\/en\/#\/schema\/logo\/image\/\"},\"sameAs\":[\"https:\/\/www.facebook.com\/karantezvro.breizh\",\"https:\/\/x.com\/KarantezVro\",\"https:\/\/www.pinterest.com\/karantezvro\/\"]}]}<\/script>\n<!-- \/ Yoast SEO plugin. -->","yoast_head_json":{"title":"Organic buckwheat flour without gluten - KARANTEZ VRO","description":"KARANTEZ VRO vous propose cette farine de bl\u00e9 noir BIO pour vos cr\u00eapes et kig ha farz. Une farine sans gluten moulue \u00e0 la meule de pierre.","robots":{"index":"index","follow":"follow","max-snippet":"max-snippet:-1","max-image-preview":"max-image-preview:large","max-video-preview":"max-video-preview:-1"},"canonical":"https:\/\/karantezvro.bzh\/?post_type=product&p=5755","og_locale":"en_US","og_type":"article","og_title":"Organic buckwheat flour without gluten - KARANTEZ VRO","og_description":"KARANTEZ VRO vous propose cette farine de bl\u00e9 noir BIO pour vos cr\u00eapes et kig ha farz. Une farine sans gluten moulue \u00e0 la meule de pierre.","og_url":"https:\/\/karantezvro.bzh\/?post_type=product&p=5755","og_site_name":"KARANTEZ VRO","article_publisher":"https:\/\/www.facebook.com\/karantezvro.breizh","article_modified_time":"2017-11-05T23:56:59+00:00","og_image":[{"width":1000,"height":1000,"url":"https:\/\/karantezvro.bzh\/wp-content\/uploads\/2017\/03\/KV_AUFOURAPAIN_FarineBN_1000x1000.jpg","type":"image\/jpeg"}],"twitter_card":"summary_large_image","twitter_site":"@KarantezVro","schema":{"@context":"https:\/\/schema.org","@graph":[{"@type":"WebPage","@id":"https:\/\/karantezvro.bzh\/?post_type=product&p=5755","url":"https:\/\/karantezvro.bzh\/?post_type=product&p=5755","name":"Organic buckwheat flour without gluten - KARANTEZ VRO","isPartOf":{"@id":"https:\/\/karantezvro.bzh\/en\/#website"},"primaryImageOfPage":{"@id":"https:\/\/karantezvro.bzh\/?post_type=product&p=5755#primaryimage"},"image":{"@id":"https:\/\/karantezvro.bzh\/?post_type=product&p=5755#primaryimage"},"thumbnailUrl":"https:\/\/karantezvro.bzh\/wp-content\/uploads\/2017\/03\/KV_AUFOURAPAIN_FarineBN_1000x1000.jpg","datePublished":"2017-03-04T02:35:11+00:00","dateModified":"2017-11-05T23:56:59+00:00","description":"KARANTEZ VRO vous propose cette farine de bl\u00e9 noir BIO pour vos cr\u00eapes et kig ha farz. Une farine sans gluten moulue \u00e0 la meule de pierre.","breadcrumb":{"@id":"https:\/\/karantezvro.bzh\/?post_type=product&p=5755#breadcrumb"},"inLanguage":"en-US","potentialAction":[{"@type":"ReadAction","target":["https:\/\/karantezvro.bzh\/?post_type=product&p=5755"]}]},{"@type":"ImageObject","inLanguage":"en-US","@id":"https:\/\/karantezvro.bzh\/?post_type=product&p=5755#primaryimage","url":"https:\/\/karantezvro.bzh\/wp-content\/uploads\/2017\/03\/KV_AUFOURAPAIN_FarineBN_1000x1000.jpg","contentUrl":"https:\/\/karantezvro.bzh\/wp-content\/uploads\/2017\/03\/KV_AUFOURAPAIN_FarineBN_1000x1000.jpg","width":1000,"height":1000,"caption":"Organic buckwheat flour"},{"@type":"BreadcrumbList","@id":"https:\/\/karantezvro.bzh\/?post_type=product&p=5755#breadcrumb","itemListElement":[{"@type":"ListItem","position":1,"name":"Accueil","item":"https:\/\/karantezvro.bzh\/en\/"},{"@type":"ListItem","position":2,"name":"BOUTIQUE","item":"https:\/\/karantezvro.bzh\/boutique-produits-bretons\/"},{"@type":"ListItem","position":3,"name":"ORGANIC buckwheat flour"}]},{"@type":"WebSite","@id":"https:\/\/karantezvro.bzh\/en\/#website","url":"https:\/\/karantezvro.bzh\/en\/","name":"KARANTEZ VRO","description":"Produits bretons sans concession - Sp\u00e9cialit\u00e9s bretonnes","publisher":{"@id":"https:\/\/karantezvro.bzh\/en\/#organization"},"potentialAction":[{"@type":"SearchAction","target":{"@type":"EntryPoint","urlTemplate":"https:\/\/karantezvro.bzh\/en\/?s={search_term_string}"},"query-input":{"@type":"PropertyValueSpecification","valueRequired":true,"valueName":"search_term_string"}}],"inLanguage":"en-US"},{"@type":"Organization","@id":"https:\/\/karantezvro.bzh\/en\/#organization","name":"KARANTEZ VRO","url":"https:\/\/karantezvro.bzh\/en\/","logo":{"@type":"ImageObject","inLanguage":"en-US","@id":"https:\/\/karantezvro.bzh\/en\/#\/schema\/logo\/image\/","url":"https:\/\/karantezvro.bzh\/wp-content\/uploads\/2017\/10\/VL_logo_100x46@2x.png","contentUrl":"https:\/\/karantezvro.bzh\/wp-content\/uploads\/2017\/10\/VL_logo_100x46@2x.png","width":99,"height":92,"caption":"KARANTEZ VRO"},"image":{"@id":"https:\/\/karantezvro.bzh\/en\/#\/schema\/logo\/image\/"},"sameAs":["https:\/\/www.facebook.com\/karantezvro.breizh","https:\/\/x.com\/KarantezVro","https:\/\/www.pinterest.com\/karantezvro\/"]}]}},"_links":{"self":[{"href":"https:\/\/karantezvro.bzh\/en\/wp-json\/wp\/v2\/product\/6865","targetHints":{"allow":["GET"]}}],"collection":[{"href":"https:\/\/karantezvro.bzh\/en\/wp-json\/wp\/v2\/product"}],"about":[{"href":"https:\/\/karantezvro.bzh\/en\/wp-json\/wp\/v2\/types\/product"}],"replies":[{"embeddable":true,"href":"https:\/\/karantezvro.bzh\/en\/wp-json\/wp\/v2\/comments?post=6865"}],"wp:featuredmedia":[{"embeddable":true,"href":"https:\/\/karantezvro.bzh\/en\/wp-json\/wp\/v2\/media\/6705"}],"wp:attachment":[{"href":"https:\/\/karantezvro.bzh\/en\/wp-json\/wp\/v2\/media?parent=6865"}],"wp:term":[{"taxonomy":"product_brand","embeddable":true,"href":"https:\/\/karantezvro.bzh\/en\/wp-json\/wp\/v2\/product_brand?post=6865"},{"taxonomy":"product_cat","embeddable":true,"href":"https:\/\/karantezvro.bzh\/en\/wp-json\/wp\/v2\/product_cat?post=6865"},{"taxonomy":"product_tag","embeddable":true,"href":"https:\/\/karantezvro.bzh\/en\/wp-json\/wp\/v2\/product_tag?post=6865"}],"curies":[{"name":"wp","href":"https:\/\/api.w.org\/{rel}","templated":true}]}}