{"id":6848,"date":"2017-03-06T14:47:43","date_gmt":"2017-03-06T13:47:43","guid":{"rendered":"https:\/\/karantezvro.bzh\/shop\/organic-farmhouse-pate\/"},"modified":"2023-07-06T15:58:06","modified_gmt":"2023-07-06T13:58:06","slug":"organic-farmhouse-pate","status":"publish","type":"product","link":"https:\/\/karantezvro.bzh\/en\/breton-products-shop\/organic-farmhouse-pate\/","title":{"rendered":"ORGANIC farmhouse p\u00e2t\u00e9"},"content":{"rendered":"<p>A LIGHTLY PEPPER UNIQUE FLAVOR<\/p>\n<p>A certified organic farmhouse p\u00e2t\u00e9 with a unique flavor. Prepared with passion, it comes from pork raised in the open air and fed with organic cereals.<\/p>\n<p>As a partner of the &#8220;Bio direct&#8221; organic pork label, this p\u00e2t\u00e9 guarantees a meat not raised on duckboards and from small farms.<\/p>\n<p>Traditional texture enhanced by just the right amount of pepper. THE P\u00c2T\u00c9 !<\/p>\n","protected":false},"excerpt":{"rendered":"<p>A LIGHTLY PEPPER UNIQUE FLAVOR<\/p>\n<ul>\n<li>Certified organic<\/li>\n<li>Traditional texture enhanced by pepper<\/li>\n<\/ul>\n","protected":false},"featured_media":6754,"comment_status":"open","ping_status":"closed","template":"","meta":[],"product_brand":[],"product_cat":[521,772,537],"product_tag":[524,596,538,526],"class_list":{"0":"post-6848","1":"product","2":"type-product","3":"status-publish","4":"has-post-thumbnail","6":"product_cat-argoad-en","7":"product_cat-malou-en","8":"product_cat-pates-terrines","9":"product_tag-organic","10":"product_tag-paoudour-korsol-en","11":"product_tag-pate-en","12":"product_tag-pork","13":"pa_bio-yes","14":"pa_bro-malou","16":"first","17":"onbackorder","18":"shipping-taxable","19":"purchasable","20":"product-type-simple"},"yoast_head":"<!-- This site is optimized with the Yoast SEO plugin v26.8 - https:\/\/yoast.com\/product\/yoast-seo-wordpress\/ -->\n<title>ORGANIC farmhouse p\u00e2t\u00e9 with a unique flavor - KARANTEZ VRO<\/title>\n<meta name=\"description\" content=\"An ORGANIC farmhouse p\u00e2t\u00e9 with a unique flavor. Prepared with passion, it comes from pork raised in the open air and fed with organic cereals.\" \/>\n<meta name=\"robots\" content=\"index, follow, max-snippet:-1, max-image-preview:large, max-video-preview:-1\" \/>\n<link rel=\"canonical\" href=\"https:\/\/karantezvro.bzh\/?post_type=product&p=5807\" \/>\n<meta property=\"og:locale\" content=\"en_US\" \/>\n<meta property=\"og:type\" content=\"article\" \/>\n<meta property=\"og:title\" content=\"ORGANIC farmhouse p\u00e2t\u00e9 with a unique flavor - KARANTEZ VRO\" \/>\n<meta property=\"og:description\" content=\"An ORGANIC farmhouse p\u00e2t\u00e9 with a unique flavor. Prepared with passion, it comes from pork raised in the open air and fed with organic cereals.\" \/>\n<meta property=\"og:url\" content=\"https:\/\/karantezvro.bzh\/?post_type=product&amp;p=5807\" \/>\n<meta property=\"og:site_name\" content=\"KARANTEZ VRO\" \/>\n<meta property=\"article:publisher\" content=\"https:\/\/www.facebook.com\/karantezvro.breizh\" \/>\n<meta property=\"article:modified_time\" content=\"2023-07-06T13:58:06+00:00\" \/>\n<meta property=\"og:image\" content=\"https:\/\/karantezvro.bzh\/wp-content\/uploads\/2017\/03\/KV_CP_Pastez1_1000x1000-1.jpg\" \/>\n\t<meta property=\"og:image:width\" content=\"1000\" \/>\n\t<meta property=\"og:image:height\" content=\"1000\" \/>\n\t<meta property=\"og:image:type\" content=\"image\/jpeg\" \/>\n<meta name=\"twitter:card\" content=\"summary_large_image\" \/>\n<meta name=\"twitter:site\" content=\"@KarantezVro\" \/>\n<script type=\"application\/ld+json\" class=\"yoast-schema-graph\">{\"@context\":\"https:\/\/schema.org\",\"@graph\":[{\"@type\":\"WebPage\",\"@id\":\"https:\/\/karantezvro.bzh\/?post_type=product&p=5807\",\"url\":\"https:\/\/karantezvro.bzh\/?post_type=product&p=5807\",\"name\":\"ORGANIC farmhouse p\u00e2t\u00e9 with a unique flavor - KARANTEZ VRO\",\"isPartOf\":{\"@id\":\"https:\/\/karantezvro.bzh\/en\/#website\"},\"primaryImageOfPage\":{\"@id\":\"https:\/\/karantezvro.bzh\/?post_type=product&p=5807#primaryimage\"},\"image\":{\"@id\":\"https:\/\/karantezvro.bzh\/?post_type=product&p=5807#primaryimage\"},\"thumbnailUrl\":\"https:\/\/karantezvro.bzh\/wp-content\/uploads\/2017\/03\/KV_CP_Pastez1_1000x1000-1.jpg\",\"datePublished\":\"2017-03-06T13:47:43+00:00\",\"dateModified\":\"2023-07-06T13:58:06+00:00\",\"description\":\"An ORGANIC farmhouse p\u00e2t\u00e9 with a unique flavor. Prepared with passion, it comes from pork raised in the open air and fed with organic cereals.\",\"breadcrumb\":{\"@id\":\"https:\/\/karantezvro.bzh\/?post_type=product&p=5807#breadcrumb\"},\"inLanguage\":\"en-US\",\"potentialAction\":[{\"@type\":\"ReadAction\",\"target\":[\"https:\/\/karantezvro.bzh\/?post_type=product&p=5807\"]}]},{\"@type\":\"ImageObject\",\"inLanguage\":\"en-US\",\"@id\":\"https:\/\/karantezvro.bzh\/?post_type=product&p=5807#primaryimage\",\"url\":\"https:\/\/karantezvro.bzh\/wp-content\/uploads\/2017\/03\/KV_CP_Pastez1_1000x1000-1.jpg\",\"contentUrl\":\"https:\/\/karantezvro.bzh\/wp-content\/uploads\/2017\/03\/KV_CP_Pastez1_1000x1000-1.jpg\",\"width\":1000,\"height\":1000,\"caption\":\"Organic farmhouse p\u00e2t\u00e9\"},{\"@type\":\"BreadcrumbList\",\"@id\":\"https:\/\/karantezvro.bzh\/?post_type=product&p=5807#breadcrumb\",\"itemListElement\":[{\"@type\":\"ListItem\",\"position\":1,\"name\":\"Accueil\",\"item\":\"https:\/\/karantezvro.bzh\/en\/\"},{\"@type\":\"ListItem\",\"position\":2,\"name\":\"BOUTIQUE\",\"item\":\"https:\/\/karantezvro.bzh\/boutique-produits-bretons\/\"},{\"@type\":\"ListItem\",\"position\":3,\"name\":\"ORGANIC farmhouse p\u00e2t\u00e9\"}]},{\"@type\":\"WebSite\",\"@id\":\"https:\/\/karantezvro.bzh\/en\/#website\",\"url\":\"https:\/\/karantezvro.bzh\/en\/\",\"name\":\"KARANTEZ VRO\",\"description\":\"Produits bretons sans concession - Sp\u00e9cialit\u00e9s bretonnes\",\"publisher\":{\"@id\":\"https:\/\/karantezvro.bzh\/en\/#organization\"},\"potentialAction\":[{\"@type\":\"SearchAction\",\"target\":{\"@type\":\"EntryPoint\",\"urlTemplate\":\"https:\/\/karantezvro.bzh\/en\/?s={search_term_string}\"},\"query-input\":{\"@type\":\"PropertyValueSpecification\",\"valueRequired\":true,\"valueName\":\"search_term_string\"}}],\"inLanguage\":\"en-US\"},{\"@type\":\"Organization\",\"@id\":\"https:\/\/karantezvro.bzh\/en\/#organization\",\"name\":\"KARANTEZ VRO\",\"url\":\"https:\/\/karantezvro.bzh\/en\/\",\"logo\":{\"@type\":\"ImageObject\",\"inLanguage\":\"en-US\",\"@id\":\"https:\/\/karantezvro.bzh\/en\/#\/schema\/logo\/image\/\",\"url\":\"https:\/\/karantezvro.bzh\/wp-content\/uploads\/2017\/10\/VL_logo_100x46@2x.png\",\"contentUrl\":\"https:\/\/karantezvro.bzh\/wp-content\/uploads\/2017\/10\/VL_logo_100x46@2x.png\",\"width\":99,\"height\":92,\"caption\":\"KARANTEZ VRO\"},\"image\":{\"@id\":\"https:\/\/karantezvro.bzh\/en\/#\/schema\/logo\/image\/\"},\"sameAs\":[\"https:\/\/www.facebook.com\/karantezvro.breizh\",\"https:\/\/x.com\/KarantezVro\",\"https:\/\/www.pinterest.com\/karantezvro\/\"]}]}<\/script>\n<!-- \/ Yoast SEO plugin. -->","yoast_head_json":{"title":"ORGANIC farmhouse p\u00e2t\u00e9 with a unique flavor - KARANTEZ VRO","description":"An ORGANIC farmhouse p\u00e2t\u00e9 with a unique flavor. Prepared with passion, it comes from pork raised in the open air and fed with organic cereals.","robots":{"index":"index","follow":"follow","max-snippet":"max-snippet:-1","max-image-preview":"max-image-preview:large","max-video-preview":"max-video-preview:-1"},"canonical":"https:\/\/karantezvro.bzh\/?post_type=product&p=5807","og_locale":"en_US","og_type":"article","og_title":"ORGANIC farmhouse p\u00e2t\u00e9 with a unique flavor - KARANTEZ VRO","og_description":"An ORGANIC farmhouse p\u00e2t\u00e9 with a unique flavor. Prepared with passion, it comes from pork raised in the open air and fed with organic cereals.","og_url":"https:\/\/karantezvro.bzh\/?post_type=product&p=5807","og_site_name":"KARANTEZ VRO","article_publisher":"https:\/\/www.facebook.com\/karantezvro.breizh","article_modified_time":"2023-07-06T13:58:06+00:00","og_image":[{"width":1000,"height":1000,"url":"https:\/\/karantezvro.bzh\/wp-content\/uploads\/2017\/03\/KV_CP_Pastez1_1000x1000-1.jpg","type":"image\/jpeg"}],"twitter_card":"summary_large_image","twitter_site":"@KarantezVro","schema":{"@context":"https:\/\/schema.org","@graph":[{"@type":"WebPage","@id":"https:\/\/karantezvro.bzh\/?post_type=product&p=5807","url":"https:\/\/karantezvro.bzh\/?post_type=product&p=5807","name":"ORGANIC farmhouse p\u00e2t\u00e9 with a unique flavor - KARANTEZ VRO","isPartOf":{"@id":"https:\/\/karantezvro.bzh\/en\/#website"},"primaryImageOfPage":{"@id":"https:\/\/karantezvro.bzh\/?post_type=product&p=5807#primaryimage"},"image":{"@id":"https:\/\/karantezvro.bzh\/?post_type=product&p=5807#primaryimage"},"thumbnailUrl":"https:\/\/karantezvro.bzh\/wp-content\/uploads\/2017\/03\/KV_CP_Pastez1_1000x1000-1.jpg","datePublished":"2017-03-06T13:47:43+00:00","dateModified":"2023-07-06T13:58:06+00:00","description":"An ORGANIC farmhouse p\u00e2t\u00e9 with a unique flavor. Prepared with passion, it comes from pork raised in the open air and fed with organic cereals.","breadcrumb":{"@id":"https:\/\/karantezvro.bzh\/?post_type=product&p=5807#breadcrumb"},"inLanguage":"en-US","potentialAction":[{"@type":"ReadAction","target":["https:\/\/karantezvro.bzh\/?post_type=product&p=5807"]}]},{"@type":"ImageObject","inLanguage":"en-US","@id":"https:\/\/karantezvro.bzh\/?post_type=product&p=5807#primaryimage","url":"https:\/\/karantezvro.bzh\/wp-content\/uploads\/2017\/03\/KV_CP_Pastez1_1000x1000-1.jpg","contentUrl":"https:\/\/karantezvro.bzh\/wp-content\/uploads\/2017\/03\/KV_CP_Pastez1_1000x1000-1.jpg","width":1000,"height":1000,"caption":"Organic farmhouse p\u00e2t\u00e9"},{"@type":"BreadcrumbList","@id":"https:\/\/karantezvro.bzh\/?post_type=product&p=5807#breadcrumb","itemListElement":[{"@type":"ListItem","position":1,"name":"Accueil","item":"https:\/\/karantezvro.bzh\/en\/"},{"@type":"ListItem","position":2,"name":"BOUTIQUE","item":"https:\/\/karantezvro.bzh\/boutique-produits-bretons\/"},{"@type":"ListItem","position":3,"name":"ORGANIC farmhouse p\u00e2t\u00e9"}]},{"@type":"WebSite","@id":"https:\/\/karantezvro.bzh\/en\/#website","url":"https:\/\/karantezvro.bzh\/en\/","name":"KARANTEZ VRO","description":"Produits bretons sans concession - Sp\u00e9cialit\u00e9s bretonnes","publisher":{"@id":"https:\/\/karantezvro.bzh\/en\/#organization"},"potentialAction":[{"@type":"SearchAction","target":{"@type":"EntryPoint","urlTemplate":"https:\/\/karantezvro.bzh\/en\/?s={search_term_string}"},"query-input":{"@type":"PropertyValueSpecification","valueRequired":true,"valueName":"search_term_string"}}],"inLanguage":"en-US"},{"@type":"Organization","@id":"https:\/\/karantezvro.bzh\/en\/#organization","name":"KARANTEZ VRO","url":"https:\/\/karantezvro.bzh\/en\/","logo":{"@type":"ImageObject","inLanguage":"en-US","@id":"https:\/\/karantezvro.bzh\/en\/#\/schema\/logo\/image\/","url":"https:\/\/karantezvro.bzh\/wp-content\/uploads\/2017\/10\/VL_logo_100x46@2x.png","contentUrl":"https:\/\/karantezvro.bzh\/wp-content\/uploads\/2017\/10\/VL_logo_100x46@2x.png","width":99,"height":92,"caption":"KARANTEZ VRO"},"image":{"@id":"https:\/\/karantezvro.bzh\/en\/#\/schema\/logo\/image\/"},"sameAs":["https:\/\/www.facebook.com\/karantezvro.breizh","https:\/\/x.com\/KarantezVro","https:\/\/www.pinterest.com\/karantezvro\/"]}]}},"_links":{"self":[{"href":"https:\/\/karantezvro.bzh\/en\/wp-json\/wp\/v2\/product\/6848","targetHints":{"allow":["GET"]}}],"collection":[{"href":"https:\/\/karantezvro.bzh\/en\/wp-json\/wp\/v2\/product"}],"about":[{"href":"https:\/\/karantezvro.bzh\/en\/wp-json\/wp\/v2\/types\/product"}],"replies":[{"embeddable":true,"href":"https:\/\/karantezvro.bzh\/en\/wp-json\/wp\/v2\/comments?post=6848"}],"wp:featuredmedia":[{"embeddable":true,"href":"https:\/\/karantezvro.bzh\/en\/wp-json\/wp\/v2\/media\/6754"}],"wp:attachment":[{"href":"https:\/\/karantezvro.bzh\/en\/wp-json\/wp\/v2\/media?parent=6848"}],"wp:term":[{"taxonomy":"product_brand","embeddable":true,"href":"https:\/\/karantezvro.bzh\/en\/wp-json\/wp\/v2\/product_brand?post=6848"},{"taxonomy":"product_cat","embeddable":true,"href":"https:\/\/karantezvro.bzh\/en\/wp-json\/wp\/v2\/product_cat?post=6848"},{"taxonomy":"product_tag","embeddable":true,"href":"https:\/\/karantezvro.bzh\/en\/wp-json\/wp\/v2\/product_tag?post=6848"}],"curies":[{"name":"wp","href":"https:\/\/api.w.org\/{rel}","templated":true}]}}